{"id":4737,"date":"2026-03-14T16:24:38","date_gmt":"2026-03-14T15:24:38","guid":{"rendered":"https:\/\/smashingtheday.com\/contact\/"},"modified":"2026-04-24T20:10:36","modified_gmt":"2026-04-24T19:10:36","slug":"get-in-touch","status":"publish","type":"page","link":"https:\/\/smashingtheday.com\/fr\/get-in-touch\/","title":{"rendered":"Get in touch"},"content":{"rendered":"<div class=\"et_pb_section_0 et_pb_section et_section_regular et_block_section\">\n<div class=\"et_pb_row_0 et_pb_row et_block_row\">\n<div class=\"et_pb_column_0 et_pb_column et_pb_column_4_4 et-last-child et_block_column et_pb_css_mix_blend_mode_passthrough\">\n<div class=\"et_pb_text_0 et_pb_text et_pb_bg_layout_light et_animated et_pb_module et_block_module\"><div class=\"et_pb_text_inner\" data-et-mv-hidden-phone=\"true\"><h1>get in touch<\/h1>\n<\/div><\/div>\n<\/div>\n<\/div>\n<\/div>\n\n<div class=\"et_pb_section_1 et_pb_section et_section_regular et_block_section section_has_divider et_pb_top_divider et_pb_bottom_divider contact\"><div class=\"et_pb_top_inside_divider et-no-transition\"><\/div>\n<div class=\"et_pb_row_1 et_pb_row et_block_row\">\n<div class=\"et_pb_column_1 et_pb_column et_pb_column_2_5 et_block_column et_pb_css_mix_blend_mode_passthrough\">\n<div class=\"et_pb_text_1 et_pb_text et_pb_bg_layout_light et_pb_module et_flex_module getintouch\"><div class=\"et_pb_text_inner\"><h2>Prenons un caf\u00e9.<\/h2>\n<h2>Ou planifions une r\u00e9union.<\/h2>\n<h2>Ou les deux.<\/h2>\n<\/div><\/div>\n<\/div>\n\n<div class=\"et_pb_column_2 et_pb_column et_pb_column_3_5 et-last-child et_block_column et_pb_css_mix_blend_mode_passthrough\">\n<div class=\"wpforms_divi_form_selector_0 wpforms_divi_form_selector et_pb_module\"><div class=\"et_pb_module_inner\"><div class=\"wpforms-container wpforms-render-modern\" id=\"wpforms-4839\"><form id=\"wpforms-form-4839\" class=\"wpforms-validate wpforms-form wpforms-ajax-form\" data-formid=\"4839\" method=\"post\" enctype=\"multipart\/form-data\" action=\"\/fr\/wp-json\/wp\/v2\/pages\/4737\" data-token=\"46c1ef855b80e9ff2e62f62aade890f6\" data-token-time=\"1777191920\"><noscript class=\"wpforms-error-noscript\">Veuillez activer JavaScript dans votre navigateur pour remplir ce formulaire.<\/noscript><div id=\"wpforms-error-noscript\" style=\"display: none;\">Veuillez activer JavaScript dans votre navigateur pour remplir ce formulaire.<\/div><div class=\"wpforms-field-container\"><div id=\"wpforms-4839-field_1-container\" class=\"wpforms-field wpforms-field-name\" data-field-id=\"1\"><label class=\"wpforms-field-label wpforms-label-hide\" for=\"wpforms-4839-field_1\" aria-hidden=\"false\">Nom <span class=\"wpforms-required-label\" aria-hidden=\"true\">*<\/span><\/label><input type=\"text\" id=\"wpforms-4839-field_1\" class=\"wpforms-field-large wpforms-field-required\" name=\"wpforms[fields][1]\" placeholder=\"Nom *\" aria-errormessage=\"wpforms-4839-field_1-error\" required><\/div>\t\t<div id=\"wpforms-4839-field_4-container\"\n\t\t\tclass=\"wpforms-field wpforms-field-text\"\n\t\t\tdata-field-type=\"text\"\n\t\t\tdata-field-id=\"4\"\n\t\t\t>\n\t\t\t<label class=\"wpforms-field-label\" for=\"wpforms-4839-field_4\" >? Vie E-mail<\/label>\n\t\t\t<input type=\"text\" id=\"wpforms-4839-field_4\" class=\"wpforms-field-medium\" name=\"wpforms[fields][4]\" >\n\t\t<\/div>\n\t\t<div id=\"wpforms-4839-field_5-container\" class=\"wpforms-field wpforms-field-text\" data-field-id=\"5\"><label class=\"wpforms-field-label wpforms-label-hide\" for=\"wpforms-4839-field_5\" aria-hidden=\"false\">Soci\u00e9t\u00e9 <span class=\"wpforms-required-label\" aria-hidden=\"true\">*<\/span><\/label><input type=\"text\" id=\"wpforms-4839-field_5\" class=\"wpforms-field-large wpforms-field-required\" name=\"wpforms[fields][5]\" placeholder=\"Soci\u00e9t\u00e9 *\" aria-errormessage=\"wpforms-4839-field_5-error\" required><\/div><div id=\"wpforms-4839-field_8-container\" class=\"wpforms-field wpforms-field-text\" data-field-id=\"8\"><label class=\"wpforms-field-label wpforms-label-hide\" for=\"wpforms-4839-field_8\" aria-hidden=\"false\">Mobile <span class=\"wpforms-required-label\" aria-hidden=\"true\">*<\/span><\/label><input type=\"text\" id=\"wpforms-4839-field_8\" class=\"wpforms-field-large wpforms-field-required\" name=\"wpforms[fields][8]\" placeholder=\"Mobile *\" aria-errormessage=\"wpforms-4839-field_8-error\" required><\/div><div id=\"wpforms-4839-field_2-container\" class=\"wpforms-field wpforms-field-email\" data-field-id=\"2\"><label class=\"wpforms-field-label wpforms-label-hide\" for=\"wpforms-4839-field_2\" aria-hidden=\"false\">E-mail <span class=\"wpforms-required-label\" aria-hidden=\"true\">*<\/span><\/label><input type=\"email\" id=\"wpforms-4839-field_2\" class=\"wpforms-field-large wpforms-field-required\" name=\"wpforms[fields][2]\" placeholder=\"E-mail *\" spellcheck=\"false\" aria-errormessage=\"wpforms-4839-field_2-error\" required><\/div><div id=\"wpforms-4839-field_3-container\" class=\"wpforms-field wpforms-field-textarea\" data-field-id=\"3\"><label class=\"wpforms-field-label wpforms-label-hide\" for=\"wpforms-4839-field_3\" aria-hidden=\"false\">Quel est votre d\u00e9fi ?<\/label><textarea id=\"wpforms-4839-field_3\" class=\"wpforms-field-large\" name=\"wpforms[fields][3]\" placeholder=\"Quel est votre d\u00e9fi ?\" aria-errormessage=\"wpforms-4839-field_3-error\" ><\/textarea><\/div><div id=\"wpforms-4839-field_16-container\" class=\"wpforms-field wpforms-field-checkbox\" data-field-id=\"16\"><fieldset><legend class=\"wpforms-field-label wpforms-label-hide\" aria-hidden=\"false\">Vie priv\u00e9e <span class=\"wpforms-required-label\" aria-hidden=\"true\">*<\/span><\/legend><ul id=\"wpforms-4839-field_16\" class=\"wpforms-field-required\"><li class=\"choice-1 depth-1 wpforms-selected\"><input type=\"checkbox\" id=\"wpforms-4839-field_16_1\" name=\"wpforms[fields][16][]\" value=\"J&#039;accepte la d\u00e9claration de &lt;a href=&quot;https:\/\/smashingtheday.com\/fr\/vie-privee\/&quot; target=&quot;_blank&quot;&gt;&lt;strong&gt;vie priv\u00e9e&lt;\/strong&gt;&lt;\/a&gt;.\" aria-errormessage=\"wpforms-4839-field_16_1-error\" required  checked='checked'><label class=\"wpforms-field-label-inline\" for=\"wpforms-4839-field_16_1\">J'accepte la d\u00e9claration de <a href=\"https:\/\/smashingtheday.com\/fr\/vie-privee\/\" target=\"_blank\"><strong>vie priv\u00e9e<\/strong><\/a>.<\/label><\/li><\/ul><\/fieldset><\/div><script>\n\t\t\t\t( function() {\n\t\t\t\t\tconst style = document.createElement( 'style' );\n\t\t\t\t\tstyle.appendChild( document.createTextNode( '#wpforms-4839-field_4-container { position: absolute !important; overflow: hidden !important; display: inline !important; height: 1px !important; width: 1px !important; z-index: -1000 !important; padding: 0 !important; } #wpforms-4839-field_4-container input { visibility: hidden; } #wpforms-conversational-form-page #wpforms-4839-field_4-container label { counter-increment: none; }' ) );\n\t\t\t\t\tdocument.head.appendChild( style );\n\t\t\t\t\tdocument.currentScript?.remove();\n\t\t\t\t} )();\n\t\t\t<\/script><\/div><!-- .wpforms-field-container --><div class=\"wpforms-recaptcha-container wpforms-is-recaptcha wpforms-is-recaptcha-type-v3\" ><input type=\"hidden\" name=\"wpforms[recaptcha]\" value=\"\"><\/div><div class=\"wpforms-submit-container\" ><input type=\"hidden\" name=\"wpforms[id]\" value=\"4839\"><input type=\"hidden\" name=\"page_title\" value=\"\"><input type=\"hidden\" name=\"page_url\" value=\"https:\/\/smashingtheday.com\/fr\/wp-json\/wp\/v2\/pages\/4737\"><input type=\"hidden\" name=\"url_referer\" value=\"\"><button type=\"submit\" name=\"wpforms[submit]\" id=\"wpforms-submit-4839\" class=\"wpforms-submit\" data-alt-text=\"Envoi...\" data-submit-text=\"Envoyer\" aria-live=\"assertive\" value=\"wpforms-submit\">Envoyer<\/button><img loading=\"lazy\" decoding=\"async\" src=\"https:\/\/smashingtheday.com\/wp-content\/plugins\/wpforms-lite\/assets\/images\/submit-spin.svg\" class=\"wpforms-submit-spinner\" style=\"display: none;\" width=\"26\" height=\"26\" alt=\"Chargement en cours\"><\/div><\/form><\/div>  <!-- .wpforms-container --><\/div><\/div>\n<\/div>\n<\/div>\n<div class=\"et_pb_bottom_inside_divider et-no-transition\"><\/div><\/div>","protected":false},"excerpt":{"rendered":"","protected":false},"author":1,"featured_media":0,"parent":0,"menu_order":0,"comment_status":"closed","ping_status":"closed","template":"","meta":{"footnotes":""},"class_list":["post-4737","page","type-page","status-publish","hentry"],"yoast_head":"<!-- This site is optimized with the Yoast SEO plugin v27.4 - https:\/\/yoast.com\/product\/yoast-seo-wordpress\/ -->\n<title>Get in touch | Smashing The Day<\/title>\n<meta name=\"description\" content=\"Smashing The Day, c\u2019est avant tout passer \u00e0 l\u2019action, \u00e0 cr\u00e9er de l&#039;\u00e9lan et \u00e0 transformer l&#039;ex\u00e9cution d&#039;aujourd&#039;hui en expansion de demain.\" \/>\n<meta name=\"robots\" content=\"index, follow, max-snippet:-1, max-image-preview:large, max-video-preview:-1\" \/>\n<link rel=\"canonical\" href=\"https:\/\/smashingtheday.com\/fr\/get-in-touch\/\" \/>\n<meta property=\"og:locale\" content=\"fr_FR\" \/>\n<meta property=\"og:type\" content=\"article\" \/>\n<meta property=\"og:title\" content=\"Get in touch | Smashing The Day\" \/>\n<meta property=\"og:description\" content=\"Smashing The Day, c\u2019est avant tout passer \u00e0 l\u2019action, \u00e0 cr\u00e9er de l&#039;\u00e9lan et \u00e0 transformer l&#039;ex\u00e9cution d&#039;aujourd&#039;hui en expansion de demain.\" \/>\n<meta property=\"og:url\" content=\"https:\/\/smashingtheday.com\/fr\/get-in-touch\/\" \/>\n<meta property=\"og:site_name\" content=\"Smashing The Day\" \/>\n<meta property=\"article:modified_time\" content=\"2026-04-24T19:10:36+00:00\" \/>\n<meta property=\"og:image\" content=\"https:\/\/smashingtheday.com\/wp-content\/uploads\/2026\/04\/site-meta-image.png\" \/>\n\t<meta property=\"og:image:width\" content=\"2400\" \/>\n\t<meta property=\"og:image:height\" content=\"1350\" \/>\n\t<meta property=\"og:image:type\" content=\"image\/png\" \/>\n<meta name=\"twitter:card\" content=\"summary_large_image\" \/>\n<script type=\"application\/ld+json\" class=\"yoast-schema-graph\">{\"@context\":\"https:\\\/\\\/schema.org\",\"@graph\":[{\"@type\":\"WebPage\",\"@id\":\"https:\\\/\\\/smashingtheday.com\\\/fr\\\/get-in-touch\\\/\",\"url\":\"https:\\\/\\\/smashingtheday.com\\\/fr\\\/get-in-touch\\\/\",\"name\":\"Get in touch | Smashing The Day\",\"isPartOf\":{\"@id\":\"https:\\\/\\\/smashingtheday.com\\\/fr\\\/#website\"},\"datePublished\":\"2026-03-14T15:24:38+00:00\",\"dateModified\":\"2026-04-24T19:10:36+00:00\",\"description\":\"Smashing The Day, c\u2019est avant tout passer \u00e0 l\u2019action, \u00e0 cr\u00e9er de l'\u00e9lan et \u00e0 transformer l'ex\u00e9cution d'aujourd'hui en expansion de demain.\",\"breadcrumb\":{\"@id\":\"https:\\\/\\\/smashingtheday.com\\\/fr\\\/get-in-touch\\\/#breadcrumb\"},\"inLanguage\":\"fr-FR\",\"potentialAction\":[{\"@type\":\"ReadAction\",\"target\":[\"https:\\\/\\\/smashingtheday.com\\\/fr\\\/get-in-touch\\\/\"]}]},{\"@type\":\"BreadcrumbList\",\"@id\":\"https:\\\/\\\/smashingtheday.com\\\/fr\\\/get-in-touch\\\/#breadcrumb\",\"itemListElement\":[{\"@type\":\"ListItem\",\"position\":1,\"name\":\"Home\",\"item\":\"https:\\\/\\\/smashingtheday.com\\\/fr\\\/\"},{\"@type\":\"ListItem\",\"position\":2,\"name\":\"Get in touch\"}]},{\"@type\":\"WebSite\",\"@id\":\"https:\\\/\\\/smashingtheday.com\\\/fr\\\/#website\",\"url\":\"https:\\\/\\\/smashingtheday.com\\\/fr\\\/\",\"name\":\"Smashing The Day\",\"description\":\"Smash today. Scale tomorrow.\",\"potentialAction\":[{\"@type\":\"SearchAction\",\"target\":{\"@type\":\"EntryPoint\",\"urlTemplate\":\"https:\\\/\\\/smashingtheday.com\\\/fr\\\/?s={search_term_string}\"},\"query-input\":{\"@type\":\"PropertyValueSpecification\",\"valueRequired\":true,\"valueName\":\"search_term_string\"}}],\"inLanguage\":\"fr-FR\"}]}<\/script>\n<!-- \/ Yoast SEO plugin. -->","yoast_head_json":{"title":"Get in touch | Smashing The Day","description":"Smashing The Day, c\u2019est avant tout passer \u00e0 l\u2019action, \u00e0 cr\u00e9er de l'\u00e9lan et \u00e0 transformer l'ex\u00e9cution d'aujourd'hui en expansion de demain.","robots":{"index":"index","follow":"follow","max-snippet":"max-snippet:-1","max-image-preview":"max-image-preview:large","max-video-preview":"max-video-preview:-1"},"canonical":"https:\/\/smashingtheday.com\/fr\/get-in-touch\/","og_locale":"fr_FR","og_type":"article","og_title":"Get in touch | Smashing The Day","og_description":"Smashing The Day, c\u2019est avant tout passer \u00e0 l\u2019action, \u00e0 cr\u00e9er de l'\u00e9lan et \u00e0 transformer l'ex\u00e9cution d'aujourd'hui en expansion de demain.","og_url":"https:\/\/smashingtheday.com\/fr\/get-in-touch\/","og_site_name":"Smashing The Day","article_modified_time":"2026-04-24T19:10:36+00:00","og_image":[{"width":2400,"height":1350,"url":"https:\/\/smashingtheday.com\/wp-content\/uploads\/2026\/04\/site-meta-image.png","type":"image\/png"}],"twitter_card":"summary_large_image","schema":{"@context":"https:\/\/schema.org","@graph":[{"@type":"WebPage","@id":"https:\/\/smashingtheday.com\/fr\/get-in-touch\/","url":"https:\/\/smashingtheday.com\/fr\/get-in-touch\/","name":"Get in touch | Smashing The Day","isPartOf":{"@id":"https:\/\/smashingtheday.com\/fr\/#website"},"datePublished":"2026-03-14T15:24:38+00:00","dateModified":"2026-04-24T19:10:36+00:00","description":"Smashing The Day, c\u2019est avant tout passer \u00e0 l\u2019action, \u00e0 cr\u00e9er de l'\u00e9lan et \u00e0 transformer l'ex\u00e9cution d'aujourd'hui en expansion de demain.","breadcrumb":{"@id":"https:\/\/smashingtheday.com\/fr\/get-in-touch\/#breadcrumb"},"inLanguage":"fr-FR","potentialAction":[{"@type":"ReadAction","target":["https:\/\/smashingtheday.com\/fr\/get-in-touch\/"]}]},{"@type":"BreadcrumbList","@id":"https:\/\/smashingtheday.com\/fr\/get-in-touch\/#breadcrumb","itemListElement":[{"@type":"ListItem","position":1,"name":"Home","item":"https:\/\/smashingtheday.com\/fr\/"},{"@type":"ListItem","position":2,"name":"Get in touch"}]},{"@type":"WebSite","@id":"https:\/\/smashingtheday.com\/fr\/#website","url":"https:\/\/smashingtheday.com\/fr\/","name":"Smashing The Day","description":"Smash today. Scale tomorrow.","potentialAction":[{"@type":"SearchAction","target":{"@type":"EntryPoint","urlTemplate":"https:\/\/smashingtheday.com\/fr\/?s={search_term_string}"},"query-input":{"@type":"PropertyValueSpecification","valueRequired":true,"valueName":"search_term_string"}}],"inLanguage":"fr-FR"}]}},"_links":{"self":[{"href":"https:\/\/smashingtheday.com\/fr\/wp-json\/wp\/v2\/pages\/4737","targetHints":{"allow":["GET"]}}],"collection":[{"href":"https:\/\/smashingtheday.com\/fr\/wp-json\/wp\/v2\/pages"}],"about":[{"href":"https:\/\/smashingtheday.com\/fr\/wp-json\/wp\/v2\/types\/page"}],"author":[{"embeddable":true,"href":"https:\/\/smashingtheday.com\/fr\/wp-json\/wp\/v2\/users\/1"}],"replies":[{"embeddable":true,"href":"https:\/\/smashingtheday.com\/fr\/wp-json\/wp\/v2\/comments?post=4737"}],"version-history":[{"count":49,"href":"https:\/\/smashingtheday.com\/fr\/wp-json\/wp\/v2\/pages\/4737\/revisions"}],"predecessor-version":[{"id":6970,"href":"https:\/\/smashingtheday.com\/fr\/wp-json\/wp\/v2\/pages\/4737\/revisions\/6970"}],"wp:attachment":[{"href":"https:\/\/smashingtheday.com\/fr\/wp-json\/wp\/v2\/media?parent=4737"}],"curies":[{"name":"wp","href":"https:\/\/api.w.org\/{rel}","templated":true}]}}